{"id":653,"date":"2016-07-11T16:08:20","date_gmt":"2016-07-11T14:08:20","guid":{"rendered":"http:\/\/www.testrange5.se\/?page_id=653"},"modified":"2018-01-25T11:34:00","modified_gmt":"2018-01-25T10:34:00","slug":"terms","status":"publish","type":"page","link":"https:\/\/www.ontechcontrol.com\/en\/terms\/","title":{"rendered":"Terms"},"content":{"rendered":"<h1>Terms<\/h1>\n<h3 class=\"p1\">Purchase<\/h3>\n<p class=\"p1\">When ordering, a purchase agreement will only be concluded when Onvako AB confirmed the order by order confirmation. An order confirmation will be sent no later than 24 hours after the order has been received. If delivery time changes in the order, the customer will be notified as soon as possible.<br \/>\nFor goods, you are always entitled to cancel the purchase at no cost until the item has been shipped. Onvako AB has ownership and right of withdrawal of all products until full payment has been received from the customer. The license for the Ontech Control service is activated immediately after the payment is completed.<br \/>\nRates are quoted including VAT. In the shopping cart, you can see the total price, including all fees.<\/p>\n<h3 class=\"p1\">Payment<\/h3>\n<p class=\"p1\">We accept card payment via Visa or Mastercard. We use Dibs as a partner to make secure payments. Read more at <a href=\"http:\/\/www.dibs.se\">Dibs<\/a>.<\/p>\n<h3 class=\"p1\">Delivery<\/h3>\n<p class=\"p1\">The delivery of goods takes place as a postage or letter and is only made to Swedish, Norwegian, Finnish and Danish addresses.<\/p>\n<h3 class=\"p1\">Return Policy<span style=\"font-family: 'Open sans', Helvetica, sans-serif; font-size: 21px;\"><br \/>\nYour right of withdrawal (withdrawal period) is valid for 14 days. In your message to us, it must be clear that you regret the purchase. The withdrawal period begins to run on the day you received the item or a substantial part of it.<br \/>\nYou are not entitled to a product which, due to its nature, can not be returned, the seal is broken on audio or video recordings or computer programs. Seal also refers to technical sealing.<br \/>\nThe right of withdrawal applies only to goods, not Ontech Control service.<br \/>\nOnce you have exercised your right of withdrawal, you are required to keep the goods in the same condition as when you received it. You may not use it, but of course, carefully examine it. If the product is damaged or lost because you are negligent, you lose your right of withdrawal.<\/span><\/h3>\n<h3 class=\"p1\">Refund Obligation<span style=\"font-family: 'Open sans', Helvetica, sans-serif; font-size: 21px;\"><br \/>\nWe shall, if you have exercised your right of withdrawal, pay back what you have paid for the item as soon as possible or within 30 days from the date we received the item. You will pay the return costs when returning the item. We always pay the return charge to send back so-called replacement goods<\/span><\/h3>\n<h3 class=\"p1\">Returns<\/h3>\n<p class=\"p1\">Returns are at your own expense unless the item is defective or if we have packed incorrectly. Returns should be sent as a letter or package, not service like &#8220;cash on delivery&#8221;. In case of change we will pay the new freight from us to you.<\/p>\n<h3 class=\"p1\">Protection of personal data<\/h3>\n<p class=\"p1\">When you place your order with us, you provide your personal information. In connection with your registration and order, you agree that we store and use your information in our business system to complete the agreement with you. You have the right under the Personal Data Act to obtain the information we have registered about you. If it is incorrect, incomplete or irrelevant, you may request that the information be corrected or removed. Please contact us by email. We also ensure that we will not sell or transfer any personal data to third parties.<br \/>\nThese terms and conditions relate only to data stored with us in order to complete your purchase. For personal data in Ontech Control, Ontech Controls Terms apply.<\/p>\n<h3 class=\"p1\">Force Majeure<\/h3>\n<p class=\"p1\">In the event of war, natural disaster, labor market disputes, government decisions and comparable events beyond our control which could not reasonably be foreseen, affecting entered into agreements and our commitment, which means that we can not hold that agreement \/ commitment, shall constitute grounds for that we are freed from our obligations to fulfill the said agreement.<\/p>\n<h3 class=\"p1\">Laws<\/h3>\n<p class=\"p1\">De lagar som reglerar k\u00f6p via internet f\u00f6r privatpersoner \u00e4r konsumentk\u00f6plagen och distanshandelslagen.The laws governing online purchasing for private individuals are the Swedish consumer acquis\u00a0 (Konsumentk\u00f6pslagen) and the Swedish distance trading act (Distanshandelslagen).\u00a0Reed more at\u00a0<a href=\"http:\/\/www.konsumentverket.se\/\">Konsumentverket<\/a>\u00a0and\u00a0<a href=\"http:\/\/www.arn.se\/\">Allm\u00e4nna reklamationsn\u00e4mnden<\/a>.<\/p>\n","protected":false},"excerpt":{"rendered":"<p>Terms Purchase When ordering, a purchase agreement will only be concluded when Onvako AB confirmed the order by order confirmation. An order confirmation will be sent no later than 24 hours after the order has been received. If delivery time changes in the order, the customer will be notified as soon as possible. For goods, [&hellip;]<\/p>\n","protected":false},"author":1,"featured_media":0,"parent":0,"menu_order":0,"comment_status":"closed","ping_status":"closed","template":"","meta":{"_acf_changed":false,"footnotes":""},"categories":[],"tags":[],"class_list":["post-653","page","type-page","status-publish","hentry"],"acf":[],"_links":{"self":[{"href":"https:\/\/www.ontechcontrol.com\/en\/wp-json\/wp\/v2\/pages\/653","targetHints":{"allow":["GET"]}}],"collection":[{"href":"https:\/\/www.ontechcontrol.com\/en\/wp-json\/wp\/v2\/pages"}],"about":[{"href":"https:\/\/www.ontechcontrol.com\/en\/wp-json\/wp\/v2\/types\/page"}],"author":[{"embeddable":true,"href":"https:\/\/www.ontechcontrol.com\/en\/wp-json\/wp\/v2\/users\/1"}],"replies":[{"embeddable":true,"href":"https:\/\/www.ontechcontrol.com\/en\/wp-json\/wp\/v2\/comments?post=653"}],"version-history":[{"count":9,"href":"https:\/\/www.ontechcontrol.com\/en\/wp-json\/wp\/v2\/pages\/653\/revisions"}],"predecessor-version":[{"id":15941,"href":"https:\/\/www.ontechcontrol.com\/en\/wp-json\/wp\/v2\/pages\/653\/revisions\/15941"}],"wp:attachment":[{"href":"https:\/\/www.ontechcontrol.com\/en\/wp-json\/wp\/v2\/media?parent=653"}],"wp:term":[{"taxonomy":"category","embeddable":true,"href":"https:\/\/www.ontechcontrol.com\/en\/wp-json\/wp\/v2\/categories?post=653"},{"taxonomy":"post_tag","embeddable":true,"href":"https:\/\/www.ontechcontrol.com\/en\/wp-json\/wp\/v2\/tags?post=653"}],"curies":[{"name":"wp","href":"https:\/\/api.w.org\/{rel}","templated":true}]}}